{"id":871,"date":"2025-02-18T12:54:26","date_gmt":"2025-02-18T11:54:26","guid":{"rendered":"https:\/\/jumpers.work\/actionproject\/?page_id=871"},"modified":"2025-04-23T14:07:48","modified_gmt":"2025-04-23T12:07:48","slug":"aviso-legal","status":"publish","type":"page","link":"https:\/\/www.actionproject.es\/en_gb\/aviso-legal\/","title":{"rendered":"Legal Notice"},"content":{"rendered":"<div data-elementor-type=\"wp-page\" data-elementor-id=\"871\" class=\"elementor elementor-871\" data-elementor-post-type=\"page\">\n\t\t\t\t<div class=\"elementor-element elementor-element-57c6e3c e-con-full e-flex e-con e-parent\" data-id=\"57c6e3c\" data-element_type=\"container\" data-e-type=\"container\">\n\t\t\t\t<div class=\"elementor-element elementor-element-086991a elementor-widget elementor-widget-heading\" data-id=\"086991a\" data-element_type=\"widget\" data-e-type=\"widget\" data-widget_type=\"heading.default\">\n\t\t\t\t<div class=\"elementor-widget-container\">\n\t\t\t\t\t<h2 class=\"elementor-heading-title elementor-size-default\">Legal Notice<\/h2>\t\t\t\t<\/div>\n\t\t\t\t<\/div>\n\t\t\t\t<div class=\"elementor-element elementor-element-3b582e3 elementor-widget elementor-widget-text-editor\" data-id=\"3b582e3\" data-element_type=\"widget\" data-e-type=\"widget\" data-widget_type=\"text-editor.default\">\n\t\t\t\t<div class=\"elementor-widget-container\">\n\t\t\t\t\t\t\t\t\t<p>In compliance with article 10 of Law 34\/2002, of 11 July, on Services of the Information Society and Electronic Commerce, below the identifying data of the company.<br \/>\u2013 Name: ACTIONPROJECT CONSULTING COMPANY, SL<br \/>\u2013 Company Name: ActionProject<br \/>\u2013 CIF: B01913839<br \/>\u2013 Address: Avda. of the Rep\u00fablica Argentina 25, from its 8th-floor \u2013 41011 Seville<br \/>\u2013 Phone: +34 618 292 232<br \/>\u2013 E-mail address:\u00a0<span id=\"cloak7247592160fbe58874f32acebda5aea7\"><a href=\"mailto:info@actionproject.es\">info@actionproject.es<\/a><\/span><\/p><p><strong>Legislation<\/strong><\/p><p>Also, the use of the Website is also subject to all other notices, regulations of use and instructions made known to the User, which may substitute, complete and\/or modify this Legal Notice.<br \/>In general, the relations between ActionProject with the Users of its telematic services, present on the Website, are subject to Spanish legislation and jurisdiction.<br \/>For any litigious matter both parties, ActionProject and the USER, expressly waiving any other jurisdiction that may correspond to them, submit themselves to the exclusive jurisdiction and venue of the Courts and Tribunals of Seville (Spain).<br \/>Also may submit their disputes to the arbitration of consumption, by the accession of those to the Consumer Arbitration System competent to be provided also by electronic means, in accordance with the procedure established by the regulations.<\/p><p><strong>Usage and User access<\/strong><\/p><p>The User is informed, and accepts, that access to this Website does not, in any way, the beginning of a commercial relationship with ActionProject.<br \/>ActionProject reserves the right to make unannounced changes it deems appropriate in its Website, may change, delete or add both the contents and services provided through the same as the way in which these appear presented or located on their servers.<\/p><p><strong>Intellectual and industrial property<\/strong><\/p><p>All contents of the web site (including, but not limited to, databases, images and photos, drawings, graphics, and text files) are the property of ActionProject or content providers, having been, in the latter case, the subject of the license or assignment by themselves, and are protected by national or international standards of intellectual property. The collection, design, arrangement, and assembly of all content on this Website is the exclusive property of ActionProject and is protected by national and international industrial and intellectual property.<br \/>The texts, data and graphics are the property of ActionProject of the entities providing information and may not be subject to further modification, copying, modification, alteration, reproduction, adaptation or translation by a third party, without the express permission of the owner of such content. The making available of the texts, data and graphic designs does not imply, in any case, the transfer of ownership or grant of a right of exploitation, the reproduction, dissemination, transformation, distribution, or transmission in their favor, other than the right to use which involves the legitimate use of ActionProject.<\/p><p><strong>Content of the website and links (links)<\/strong><\/p><p>ActionProject is not responsible for the misuse of the contents of your web page, being exclusive responsibility of the person accessing or using them.<br \/>The owners of other websites that wish to create a hyperlink to\u00a0<a href=\"https:\/\/www.actionproject.es\/en_gb\/\">https:\/\/www.actionproject.es\/<\/a>\u00a0you agree not to establish links to web sites that do not display the logo of ActionProject and not to make false, inaccurate or incorrect, misleading, or, in general, that are contrary to the laws.<br \/>The owners of other websites that wish to create a hyperlink to\u00a0<a href=\"https:\/\/www.actionproject.es\/en_gb\/\">https:\/\/www.actionproject.es\/<\/a>\u00a0you also undertake not to establish links to Web sites that contain content, statements or propaganda of racist, xenophobic, pornographic, pro-terrorism, and, in general, likely to impair in any way the good name or image of ActionProject.<br \/>The inclusion of hyperlinks in\u00a0<a href=\"https:\/\/www.actionproject.es\/en_gb\/\">https:\/\/www.actionproject.es<\/a>\u00a0does not necessarily imply that ActionProject maintains commercial relations or associative links with the owner of the Website on which the link is established.<br \/>The presence of hyperlinks on\u00a0<a href=\"https:\/\/www.actionproject.es\/en_gb\/\">https:\/\/www.actionproject.es<\/a>\u00a0it has a merely informative purpose, reason for which, ActionProject no representations or warranties of any kind, either express or implied, regarding the merchantability, suitability, quality, characteristics, origin, merchantability, or any other aspect of the information, products and\/or services.<br \/>The exemption from liability provided for in the preceding paragraphs shall not operate in the event that the provider of the content to which you link or whose location is provided to act under the direction, authority or control of the service provider that facilitates the location of such content.<\/p><p><strong>Manifestations<\/strong><\/p><p>ActionProject shows that this Website has the appropriate technology to allow the access to and the use of the same. However, it is not responsible for the possible existence of viruses or other harmful elements, introduced by any means or by any third party, that may cause alterations in computer systems.<br \/>The website may contain inaccuracies, relevant omissions, inaccuracies or misprints. ActionProject does not guarantee, in any case, the truthfulness, accuracy, and timeliness of the data contained on its web site. The user who accesses the website of ActionProject exonerated it of any liability in relation to the reliability, usefulness or false expectations that this Website may cause.<\/p><p><strong>Limitation of liability<\/strong><\/p><p>ActionProject no warranties of any kind as to the operation of the website or the information contained therein. ActionProject shall not be liable for damages or losses of any kind arising out of the use of the website.<br \/>ActionProject disclaims any and all liability for the legality, content and quality of the data and information provided by third parties through the web site.<\/p>\t\t\t\t\t\t\t\t<\/div>\n\t\t\t\t<\/div>\n\t\t\t\t<\/div>\n\t\t\t\t<\/div>","protected":false},"excerpt":{"rendered":"<p>Aviso Legal En cumplimiento del art\u00edculo 10 de la Ley 34\/2002, de 11 de julio, de Servicios de la Sociedad de la Informaci\u00f3n y Comercio Electr\u00f3nico, a continuaci\u00f3n se exponen los datos identificativos de la empresa.&#8211; Nombre: ACTIONPROJECT CONSULTOR\u00cdA DE EMPRESA, S.L.&#8211; Denominaci\u00f3n Social: ActionProject&#8211; CIF: B01913839&#8211; Domicilio Social: Avda. de la Rep\u00fablica Argentina, 25, [&hellip;]<\/p>\n","protected":false},"author":1,"featured_media":0,"parent":0,"menu_order":0,"comment_status":"closed","ping_status":"closed","template":"","meta":{"_joinchat":[],"footnotes":""},"class_list":["post-871","page","type-page","status-publish","hentry"],"aioseo_notices":[],"yoast_head":"<!-- This site is optimized with the Yoast SEO plugin v27.2 - https:\/\/yoast.com\/product\/yoast-seo-wordpress\/ -->\n<title>Aviso Legal - Action Project<\/title>\n<meta name=\"robots\" content=\"index, follow, max-snippet:-1, max-image-preview:large, max-video-preview:-1\" \/>\n<link rel=\"canonical\" href=\"https:\/\/www.actionproject.es\/en_gb\/aviso-legal\/\" \/>\n<meta property=\"og:locale\" content=\"en_GB\" \/>\n<meta property=\"og:type\" content=\"article\" \/>\n<meta property=\"og:title\" content=\"Aviso Legal - Action Project\" \/>\n<meta property=\"og:description\" content=\"Aviso Legal En cumplimiento del art\u00edculo 10 de la Ley 34\/2002, de 11 de julio, de Servicios de la Sociedad de la Informaci\u00f3n y Comercio Electr\u00f3nico, a continuaci\u00f3n se exponen los datos identificativos de la empresa.&#8211; Nombre: ACTIONPROJECT CONSULTOR\u00cdA DE EMPRESA, S.L.&#8211; Denominaci\u00f3n Social: ActionProject&#8211; CIF: B01913839&#8211; Domicilio Social: Avda. de la Rep\u00fablica Argentina, 25, [&hellip;]\" \/>\n<meta property=\"og:url\" content=\"https:\/\/www.actionproject.es\/en_gb\/aviso-legal\/\" \/>\n<meta property=\"og:site_name\" content=\"Action Project\" \/>\n<meta property=\"article:modified_time\" content=\"2025-04-23T12:07:48+00:00\" \/>\n<meta name=\"twitter:card\" content=\"summary_large_image\" \/>\n<meta name=\"twitter:label1\" content=\"Estimated reading time\" \/>\n\t<meta name=\"twitter:data1\" content=\"5 minutes\" \/>\n<script type=\"application\/ld+json\" class=\"yoast-schema-graph\">{\"@context\":\"https:\/\/schema.org\",\"@graph\":[{\"@type\":\"WebPage\",\"@id\":\"https:\/\/www.actionproject.es\/aviso-legal\/\",\"url\":\"https:\/\/www.actionproject.es\/aviso-legal\/\",\"name\":\"Aviso Legal - Action Project\",\"isPartOf\":{\"@id\":\"https:\/\/www.actionproject.es\/#website\"},\"datePublished\":\"2025-02-18T11:54:26+00:00\",\"dateModified\":\"2025-04-23T12:07:48+00:00\",\"breadcrumb\":{\"@id\":\"https:\/\/www.actionproject.es\/aviso-legal\/#breadcrumb\"},\"inLanguage\":\"en-GB\",\"potentialAction\":[{\"@type\":\"ReadAction\",\"target\":[\"https:\/\/www.actionproject.es\/aviso-legal\/\"]}]},{\"@type\":\"BreadcrumbList\",\"@id\":\"https:\/\/www.actionproject.es\/aviso-legal\/#breadcrumb\",\"itemListElement\":[{\"@type\":\"ListItem\",\"position\":1,\"name\":\"Portada\",\"item\":\"https:\/\/www.actionproject.es\/\"},{\"@type\":\"ListItem\",\"position\":2,\"name\":\"Aviso Legal\"}]},{\"@type\":\"WebSite\",\"@id\":\"https:\/\/www.actionproject.es\/#website\",\"url\":\"https:\/\/www.actionproject.es\/\",\"name\":\"Action Project\",\"description\":\"\",\"publisher\":{\"@id\":\"https:\/\/www.actionproject.es\/#organization\"},\"potentialAction\":[{\"@type\":\"SearchAction\",\"target\":{\"@type\":\"EntryPoint\",\"urlTemplate\":\"https:\/\/www.actionproject.es\/?s={search_term_string}\"},\"query-input\":{\"@type\":\"PropertyValueSpecification\",\"valueRequired\":true,\"valueName\":\"search_term_string\"}}],\"inLanguage\":\"en-GB\"},{\"@type\":\"Organization\",\"@id\":\"https:\/\/www.actionproject.es\/#organization\",\"name\":\"Action Project\",\"url\":\"https:\/\/www.actionproject.es\/\",\"logo\":{\"@type\":\"ImageObject\",\"inLanguage\":\"en-GB\",\"@id\":\"https:\/\/www.actionproject.es\/#\/schema\/logo\/image\/\",\"url\":\"https:\/\/www.actionproject.es\/wp-content\/uploads\/2025\/02\/favicon-action.png\",\"contentUrl\":\"https:\/\/www.actionproject.es\/wp-content\/uploads\/2025\/02\/favicon-action.png\",\"width\":512,\"height\":512,\"caption\":\"Action Project\"},\"image\":{\"@id\":\"https:\/\/www.actionproject.es\/#\/schema\/logo\/image\/\"}}]}<\/script>\n<!-- \/ Yoast SEO plugin. -->","yoast_head_json":{"title":"Aviso Legal - Action Project","robots":{"index":"index","follow":"follow","max-snippet":"max-snippet:-1","max-image-preview":"max-image-preview:large","max-video-preview":"max-video-preview:-1"},"canonical":"https:\/\/www.actionproject.es\/en_gb\/aviso-legal\/","og_locale":"en_GB","og_type":"article","og_title":"Aviso Legal - Action Project","og_description":"Aviso Legal En cumplimiento del art\u00edculo 10 de la Ley 34\/2002, de 11 de julio, de Servicios de la Sociedad de la Informaci\u00f3n y Comercio Electr\u00f3nico, a continuaci\u00f3n se exponen los datos identificativos de la empresa.&#8211; Nombre: ACTIONPROJECT CONSULTOR\u00cdA DE EMPRESA, S.L.&#8211; Denominaci\u00f3n Social: ActionProject&#8211; CIF: B01913839&#8211; Domicilio Social: Avda. de la Rep\u00fablica Argentina, 25, [&hellip;]","og_url":"https:\/\/www.actionproject.es\/en_gb\/aviso-legal\/","og_site_name":"Action Project","article_modified_time":"2025-04-23T12:07:48+00:00","twitter_card":"summary_large_image","twitter_misc":{"Estimated reading time":"5 minutes"},"schema":{"@context":"https:\/\/schema.org","@graph":[{"@type":"WebPage","@id":"https:\/\/www.actionproject.es\/aviso-legal\/","url":"https:\/\/www.actionproject.es\/aviso-legal\/","name":"Aviso Legal - Action Project","isPartOf":{"@id":"https:\/\/www.actionproject.es\/#website"},"datePublished":"2025-02-18T11:54:26+00:00","dateModified":"2025-04-23T12:07:48+00:00","breadcrumb":{"@id":"https:\/\/www.actionproject.es\/aviso-legal\/#breadcrumb"},"inLanguage":"en-GB","potentialAction":[{"@type":"ReadAction","target":["https:\/\/www.actionproject.es\/aviso-legal\/"]}]},{"@type":"BreadcrumbList","@id":"https:\/\/www.actionproject.es\/aviso-legal\/#breadcrumb","itemListElement":[{"@type":"ListItem","position":1,"name":"Portada","item":"https:\/\/www.actionproject.es\/"},{"@type":"ListItem","position":2,"name":"Aviso Legal"}]},{"@type":"WebSite","@id":"https:\/\/www.actionproject.es\/#website","url":"https:\/\/www.actionproject.es\/","name":"Action Project","description":"","publisher":{"@id":"https:\/\/www.actionproject.es\/#organization"},"potentialAction":[{"@type":"SearchAction","target":{"@type":"EntryPoint","urlTemplate":"https:\/\/www.actionproject.es\/?s={search_term_string}"},"query-input":{"@type":"PropertyValueSpecification","valueRequired":true,"valueName":"search_term_string"}}],"inLanguage":"en-GB"},{"@type":"Organization","@id":"https:\/\/www.actionproject.es\/#organization","name":"Action Project","url":"https:\/\/www.actionproject.es\/","logo":{"@type":"ImageObject","inLanguage":"en-GB","@id":"https:\/\/www.actionproject.es\/#\/schema\/logo\/image\/","url":"https:\/\/www.actionproject.es\/wp-content\/uploads\/2025\/02\/favicon-action.png","contentUrl":"https:\/\/www.actionproject.es\/wp-content\/uploads\/2025\/02\/favicon-action.png","width":512,"height":512,"caption":"Action Project"},"image":{"@id":"https:\/\/www.actionproject.es\/#\/schema\/logo\/image\/"}}]}},"_links":{"self":[{"href":"https:\/\/www.actionproject.es\/en_gb\/wp-json\/wp\/v2\/pages\/871","targetHints":{"allow":["GET"]}}],"collection":[{"href":"https:\/\/www.actionproject.es\/en_gb\/wp-json\/wp\/v2\/pages"}],"about":[{"href":"https:\/\/www.actionproject.es\/en_gb\/wp-json\/wp\/v2\/types\/page"}],"author":[{"embeddable":true,"href":"https:\/\/www.actionproject.es\/en_gb\/wp-json\/wp\/v2\/users\/1"}],"replies":[{"embeddable":true,"href":"https:\/\/www.actionproject.es\/en_gb\/wp-json\/wp\/v2\/comments?post=871"}],"version-history":[{"count":25,"href":"https:\/\/www.actionproject.es\/en_gb\/wp-json\/wp\/v2\/pages\/871\/revisions"}],"predecessor-version":[{"id":1096,"href":"https:\/\/www.actionproject.es\/en_gb\/wp-json\/wp\/v2\/pages\/871\/revisions\/1096"}],"wp:attachment":[{"href":"https:\/\/www.actionproject.es\/en_gb\/wp-json\/wp\/v2\/media?parent=871"}],"curies":[{"name":"wp","href":"https:\/\/api.w.org\/{rel}","templated":true}]}}