{"id":876,"date":"2025-02-18T12:56:04","date_gmt":"2025-02-18T11:56:04","guid":{"rendered":"https:\/\/jumpers.work\/actionproject\/?page_id=876"},"modified":"2025-02-18T12:56:48","modified_gmt":"2025-02-18T11:56:48","slug":"politica-de-cookies","status":"publish","type":"page","link":"https:\/\/www.actionproject.es\/en_gb\/politica-de-cookies\/","title":{"rendered":"Cookie policy"},"content":{"rendered":"<div data-elementor-type=\"wp-page\" data-elementor-id=\"876\" class=\"elementor elementor-876\" data-elementor-post-type=\"page\">\n\t\t\t\t<div class=\"elementor-element elementor-element-57c6e3c e-con-full e-flex e-con e-parent\" data-id=\"57c6e3c\" data-element_type=\"container\" data-e-type=\"container\">\n\t\t\t\t<div class=\"elementor-element elementor-element-086991a elementor-widget elementor-widget-heading\" data-id=\"086991a\" data-element_type=\"widget\" data-e-type=\"widget\" data-widget_type=\"heading.default\">\n\t\t\t\t<div class=\"elementor-widget-container\">\n\t\t\t\t\t<h2 class=\"elementor-heading-title elementor-size-default\">Cookie policy<\/h2>\t\t\t\t<\/div>\n\t\t\t\t<\/div>\n\t\t\t\t<div class=\"elementor-element elementor-element-3b582e3 elementor-widget elementor-widget-text-editor\" data-id=\"3b582e3\" data-element_type=\"widget\" data-e-type=\"widget\" data-widget_type=\"text-editor.default\">\n\t\t\t\t<div class=\"elementor-widget-container\">\n\t\t\t\t\t\t\t\t\t<p>In ActioProject we use cookies, with the aim of providing a better service, and to provide you with a better experience on your browsing experience. We want to inform you clearly and precisely about the cookies we use, detailing then what is a cookie, what it does, what types of cookies do we use, what are their purposes and how you can configure them or disable them if you wish so.<\/p><p>\u00a0<\/p><p><strong>What are cookies?<\/strong><\/p><p>A &#034;cookie&#034; is a small file that is stored on the user&#039;s computer, tablet, smartphone or any other device with information about the navigation.<\/p><p>Cookies help us improve the quality of our website.<\/p><p>Cookies are essential to the operation of the Internet, providing innumerable advantages, making the navigation and usability of our website.In any case the cookies could harm your computer. On the contrary, they are active helps us to understand the performance of the web page, what should change, and the problems that can arise.<\/p><p>\u00a0<\/p><p><strong>What types of cookies do we use?<\/strong><\/p><p><strong>\u00a0\u00a0 1) Depending on the entity that manages<\/strong><\/p><p><strong>\u2013 Party Cookies<\/strong><\/p><p>Are those that are sent to your computer from our own computers or domains and from which we provide the service you have requested.<\/p><p><strong>\u2013 Third party Cookies<\/strong><\/p><p>Are those that are sent to your computer from a computer or domain that is not managed by us, but by another entity partner. As for example, those used by social networks or by external content such as Google Maps.<\/p><p><strong>\u00a0\u00a0 2) According to the period of time that remain activated<\/strong><\/p><p><strong>\u2013 Session Cookies<\/strong><\/p><p>Are temporary cookies that remain in the cookie file of your browser until you leave the web page, so none is recorded on the hard disk of your computer. The information obtained by these cookies serves to analyze traffic patterns on the web. In the long run, this allows us to provide a better experience to improve the content and facilitate its use.<\/p><p><strong>\u2013 Persistent Cookies<\/strong><\/p><p>Are stored on the hard disk and our website reads them every time you make a new visit. A permanent cookie has an expiration date determined. The cookie will stop working after that date or when you delete it. These cookies do we use them, generally, to facilitate the purchase and registration.<\/p><p><strong>\u00a0\u00a0 3) According to their purpose<\/strong><\/p><p><strong>\u2013 Technical Cookies<\/strong><\/p><p>Are those necessary for navigation and the proper functioning of our website. Allow, for example, control traffic and data communication, access parts of restricted access, perform the purchase process of an order, use security elements, store content to broadcast videos or share content through social networks.<\/p><p><strong>\u2013 Cookies customization<\/strong><\/p><p>Are those that allow you to access the service with some predefined characteristics based on a series of criteria, such as, for example, the language, the type of browser through which the service is accessed, the regional configuration from where the service is accessed, etc<\/p><p><strong>\u2013 Cookies analysis<\/strong><\/p><p>Are those that allow us to quantify the number of users and thus perform the measurement and statistical analysis of the use that users make of the services provided. To do this, we analyze your browsing on our website in order to improve the offer of products and services that we offer.<\/p><p><strong>\u2013 Cookies advertising<\/strong><\/p><p>Are those that allow the management, in the most efficient way possible, of the advertising spaces that could be included in our web page.<\/p><p><strong>\u2013 Cookies behavioral advertising<\/strong><\/p><p>These cookies store information user behavior obtained through continued observation. Thanks to them, we can learn about the internet browsing habits and show you advertising related to your profile navigation.<\/p><p>On the other hand, idealistic use cookies for which it is not necessary to obtain the consent of the users, be excluded from the application of the Law 34\/2002, of 11 July, on Services of the Information Society and Electronic Commerce (&#034;LSSI&#034;). For example, we use session cookies which allow us to identify you when you visit the web site.<\/p><p>\u00a0<\/p><p><strong>Purpose of each of the cookies used<\/strong><\/p><p>Below are the cookies used in our website, and the purpose of the same<strong>:<\/strong><\/p><ul><li><p><strong>Google Analytics\/Google Adwords:<\/strong>\u00a0a web analytics service provided by Google, Inc., a company of Delaware whose main office is at 1600 Amphitheatre Parkway, Mountain View (California), CA 94043, Usa (\u201cGoogle\u201d). Google Analytics and Google Adwords uses \u201ccookies\u201d, which are text files placed on your computer, to help www.thechefmarketing.com to analyze the use that users make of the website. The information generated by the cookie about your use of www.thechefmarketing.com (including your IP address) will be transmitted to and stored by Google on servers in the united States.<\/p><p>\u2022\u00a0\u00a0\u00a0\u00a0<strong>Smartlook<\/strong>\u00a0a web analysis service provided by Smartsupp.com s. r.or., a company in Brno, whose main office is in Milady Horakove 13, Brno, 602 00, Republic Chec. Smartlook uses \u201ccookies\u201d, which are text files placed on your computer, to help www.thechefmarketing.com to analyze the use that users make of the website. The information generated by the cookie about your use of www.thechefmarketing.com (including your IP address) will be transmitted to and stored by Smartlook on servers in the Germany.<\/p><p>\u2022\u00a0\u00a0\u00a0\u00a0<strong>Metricool<\/strong>\u00a0a web analytics service provided by Metricool Software, SL, a company in Madrid, whose main office is at Calle T\u00e9llez, 12 Madrid (Spain). Metricool uses \u201ccookies\u201d, which are text files placed on your computer, to help www.thechefmarketing.com to analyze the use that users make of the website. The information generated by the cookie about your use of www.thechefmarketing.com (including your IP address) will be transmitted to and stored by Metricool on servers in the united States.<\/p><p>\u2022\u00a0\u00a0\u00a0\u00a0<strong>Facebook Pixel<\/strong>\u00a0a web analytics service provided by Facebook, whose privacy policy can be consulted\u00a0<a href=\"https:\/\/www.facebook.com\/privacy\/explanation\" target=\"_blank\" rel=\"noopener noreferrer\">here<\/a>.<\/p><\/li><\/ul><p>\u00a0<\/p><p><strong>How to obtain your consent to install cookies, and how you can revoke it<\/strong><\/p><p>To access the website for the first time, you will receive a notice about the use of cookies. In this first layer, it will inform you about the types of cookies that we use, the purposes for which we use it, and provide you with a link to this Cookies Policy, where you can find more detailed information. If you continue browsing, you are giving your consent for us to install cookies as described in this policy.<\/p><p>You can revoke your consent to the use of cookies at any time. To do this, you can disable the cookies by changing the privacy settings of your browser. Below, we provide links to where you can find detailed information about how to configure cookies in the main browsers:<\/p><p>Chrome \u2013\u00a0<a href=\"https:\/\/support.google.com\/chrome\/answer\/95647?hl=es\">https:\/\/support.google.com\/chrome\/answer\/95647?hl=es<\/a><\/p><p>Internet Explorer \u2013\u00a0<a href=\"https:\/\/support.microsoft.com\/es-es\/help\/17442\/windows-internet-explorer-delete-manage-cookies\">https:\/\/support.microsoft.com\/es-es\/help\/17442\/windows-internet-explorer-delete-manage-cookies<\/a><\/p><p>Firefox \u2013\u00a0<a href=\"https:\/\/support.mozilla.org\/es\/kb\/habilitar-y-deshabilitar-cookies-que-los-sitios-we\">https:\/\/support.mozilla.org\/es\/kb\/habilitar-y-deshabilitar-cookies-que-los-sitios-we<\/a><\/p><p>Safari \u2013\u00a0<a href=\"https:\/\/support.apple.com\/kb\/PH19214?locale=es_ES&amp;viewlocale=es_ES\">https:\/\/support.apple.com\/kb\/PH19214?locale=es_ES&amp;viewlocale=es_ES<\/a><\/p><p>\u00a0<\/p><p>If you have any further questions on the use we make of cookies, or to setting up or withdrawal of consent, you can contact with us by sending us an e-mail to\u00a0<span id=\"cloak3740d10cdb3e7f91f8f12e6e1f2c5bc4\"><a href=\"mailto:info@actionproject.es\">info@actionproject.es<\/a><\/span><\/p>\t\t\t\t\t\t\t\t<\/div>\n\t\t\t\t<\/div>\n\t\t\t\t<\/div>\n\t\t\t\t<\/div>","protected":false},"excerpt":{"rendered":"<p>Pol\u00edtica de Cookies En ActioProject utilizamos cookies con el objetivo de prestar un mejor servicio y proporcionarte una mejor experiencia en tu navegaci\u00f3n. Queremos informarte de manera clara y precisa sobre las cookies que utilizamos, detallando a continuaci\u00f3n, qu\u00e9 es una cookie, para qu\u00e9 sirve, qu\u00e9 tipos de cookies utilizamos, cu\u00e1les son sus finalidades y [&hellip;]<\/p>\n","protected":false},"author":1,"featured_media":0,"parent":0,"menu_order":0,"comment_status":"closed","ping_status":"closed","template":"","meta":{"_acf_changed":false,"_joinchat":[],"footnotes":""},"class_list":["post-876","page","type-page","status-publish","hentry"],"acf":[],"aioseo_notices":[],"yoast_head":"<!-- This site is optimized with the Yoast SEO plugin v27.3 - https:\/\/yoast.com\/product\/yoast-seo-wordpress\/ -->\n<title>Pol\u00edtica de Cookies - Action Project<\/title>\n<meta name=\"robots\" content=\"index, follow, max-snippet:-1, max-image-preview:large, max-video-preview:-1\" \/>\n<link rel=\"canonical\" href=\"https:\/\/www.actionproject.es\/en_gb\/politica-de-cookies\/\" \/>\n<meta property=\"og:locale\" content=\"en_GB\" \/>\n<meta property=\"og:type\" content=\"article\" \/>\n<meta property=\"og:title\" content=\"Pol\u00edtica de Cookies - Action Project\" \/>\n<meta property=\"og:description\" content=\"Pol\u00edtica de Cookies En ActioProject utilizamos cookies con el objetivo de prestar un mejor servicio y proporcionarte una mejor experiencia en tu navegaci\u00f3n. Queremos informarte de manera clara y precisa sobre las cookies que utilizamos, detallando a continuaci\u00f3n, qu\u00e9 es una cookie, para qu\u00e9 sirve, qu\u00e9 tipos de cookies utilizamos, cu\u00e1les son sus finalidades y [&hellip;]\" \/>\n<meta property=\"og:url\" content=\"https:\/\/www.actionproject.es\/en_gb\/politica-de-cookies\/\" \/>\n<meta property=\"og:site_name\" content=\"Action Project\" \/>\n<meta property=\"article:modified_time\" content=\"2025-02-18T11:56:48+00:00\" \/>\n<meta name=\"twitter:card\" content=\"summary_large_image\" \/>\n<meta name=\"twitter:label1\" content=\"Estimated reading time\" \/>\n\t<meta name=\"twitter:data1\" content=\"6 minutes\" \/>\n<script type=\"application\/ld+json\" class=\"yoast-schema-graph\">{\"@context\":\"https:\\\/\\\/schema.org\",\"@graph\":[{\"@type\":\"WebPage\",\"@id\":\"https:\\\/\\\/www.actionproject.es\\\/politica-de-cookies\\\/\",\"url\":\"https:\\\/\\\/www.actionproject.es\\\/politica-de-cookies\\\/\",\"name\":\"Pol\u00edtica de Cookies - Action Project\",\"isPartOf\":{\"@id\":\"https:\\\/\\\/www.actionproject.es\\\/#website\"},\"datePublished\":\"2025-02-18T11:56:04+00:00\",\"dateModified\":\"2025-02-18T11:56:48+00:00\",\"breadcrumb\":{\"@id\":\"https:\\\/\\\/www.actionproject.es\\\/politica-de-cookies\\\/#breadcrumb\"},\"inLanguage\":\"en-GB\",\"potentialAction\":[{\"@type\":\"ReadAction\",\"target\":[\"https:\\\/\\\/www.actionproject.es\\\/politica-de-cookies\\\/\"]}]},{\"@type\":\"BreadcrumbList\",\"@id\":\"https:\\\/\\\/www.actionproject.es\\\/politica-de-cookies\\\/#breadcrumb\",\"itemListElement\":[{\"@type\":\"ListItem\",\"position\":1,\"name\":\"Portada\",\"item\":\"https:\\\/\\\/www.actionproject.es\\\/\"},{\"@type\":\"ListItem\",\"position\":2,\"name\":\"Pol\u00edtica de Cookies\"}]},{\"@type\":\"WebSite\",\"@id\":\"https:\\\/\\\/www.actionproject.es\\\/#website\",\"url\":\"https:\\\/\\\/www.actionproject.es\\\/\",\"name\":\"Action Project\",\"description\":\"\",\"publisher\":{\"@id\":\"https:\\\/\\\/www.actionproject.es\\\/#organization\"},\"potentialAction\":[{\"@type\":\"SearchAction\",\"target\":{\"@type\":\"EntryPoint\",\"urlTemplate\":\"https:\\\/\\\/www.actionproject.es\\\/?s={search_term_string}\"},\"query-input\":{\"@type\":\"PropertyValueSpecification\",\"valueRequired\":true,\"valueName\":\"search_term_string\"}}],\"inLanguage\":\"en-GB\"},{\"@type\":\"Organization\",\"@id\":\"https:\\\/\\\/www.actionproject.es\\\/#organization\",\"name\":\"Action Project\",\"url\":\"https:\\\/\\\/www.actionproject.es\\\/\",\"logo\":{\"@type\":\"ImageObject\",\"inLanguage\":\"en-GB\",\"@id\":\"https:\\\/\\\/www.actionproject.es\\\/#\\\/schema\\\/logo\\\/image\\\/\",\"url\":\"https:\\\/\\\/www.actionproject.es\\\/wp-content\\\/uploads\\\/2025\\\/02\\\/favicon-action.png\",\"contentUrl\":\"https:\\\/\\\/www.actionproject.es\\\/wp-content\\\/uploads\\\/2025\\\/02\\\/favicon-action.png\",\"width\":512,\"height\":512,\"caption\":\"Action Project\"},\"image\":{\"@id\":\"https:\\\/\\\/www.actionproject.es\\\/#\\\/schema\\\/logo\\\/image\\\/\"}}]}<\/script>\n<!-- \/ Yoast SEO plugin. -->","yoast_head_json":{"title":"Pol\u00edtica de Cookies - Action Project","robots":{"index":"index","follow":"follow","max-snippet":"max-snippet:-1","max-image-preview":"max-image-preview:large","max-video-preview":"max-video-preview:-1"},"canonical":"https:\/\/www.actionproject.es\/en_gb\/politica-de-cookies\/","og_locale":"en_GB","og_type":"article","og_title":"Pol\u00edtica de Cookies - Action Project","og_description":"Pol\u00edtica de Cookies En ActioProject utilizamos cookies con el objetivo de prestar un mejor servicio y proporcionarte una mejor experiencia en tu navegaci\u00f3n. Queremos informarte de manera clara y precisa sobre las cookies que utilizamos, detallando a continuaci\u00f3n, qu\u00e9 es una cookie, para qu\u00e9 sirve, qu\u00e9 tipos de cookies utilizamos, cu\u00e1les son sus finalidades y [&hellip;]","og_url":"https:\/\/www.actionproject.es\/en_gb\/politica-de-cookies\/","og_site_name":"Action Project","article_modified_time":"2025-02-18T11:56:48+00:00","twitter_card":"summary_large_image","twitter_misc":{"Estimated reading time":"6 minutes"},"schema":{"@context":"https:\/\/schema.org","@graph":[{"@type":"WebPage","@id":"https:\/\/www.actionproject.es\/politica-de-cookies\/","url":"https:\/\/www.actionproject.es\/politica-de-cookies\/","name":"Pol\u00edtica de Cookies - Action Project","isPartOf":{"@id":"https:\/\/www.actionproject.es\/#website"},"datePublished":"2025-02-18T11:56:04+00:00","dateModified":"2025-02-18T11:56:48+00:00","breadcrumb":{"@id":"https:\/\/www.actionproject.es\/politica-de-cookies\/#breadcrumb"},"inLanguage":"en-GB","potentialAction":[{"@type":"ReadAction","target":["https:\/\/www.actionproject.es\/politica-de-cookies\/"]}]},{"@type":"BreadcrumbList","@id":"https:\/\/www.actionproject.es\/politica-de-cookies\/#breadcrumb","itemListElement":[{"@type":"ListItem","position":1,"name":"Portada","item":"https:\/\/www.actionproject.es\/"},{"@type":"ListItem","position":2,"name":"Pol\u00edtica de Cookies"}]},{"@type":"WebSite","@id":"https:\/\/www.actionproject.es\/#website","url":"https:\/\/www.actionproject.es\/","name":"Action Project","description":"","publisher":{"@id":"https:\/\/www.actionproject.es\/#organization"},"potentialAction":[{"@type":"SearchAction","target":{"@type":"EntryPoint","urlTemplate":"https:\/\/www.actionproject.es\/?s={search_term_string}"},"query-input":{"@type":"PropertyValueSpecification","valueRequired":true,"valueName":"search_term_string"}}],"inLanguage":"en-GB"},{"@type":"Organization","@id":"https:\/\/www.actionproject.es\/#organization","name":"Action Project","url":"https:\/\/www.actionproject.es\/","logo":{"@type":"ImageObject","inLanguage":"en-GB","@id":"https:\/\/www.actionproject.es\/#\/schema\/logo\/image\/","url":"https:\/\/www.actionproject.es\/wp-content\/uploads\/2025\/02\/favicon-action.png","contentUrl":"https:\/\/www.actionproject.es\/wp-content\/uploads\/2025\/02\/favicon-action.png","width":512,"height":512,"caption":"Action Project"},"image":{"@id":"https:\/\/www.actionproject.es\/#\/schema\/logo\/image\/"}}]}},"_links":{"self":[{"href":"https:\/\/www.actionproject.es\/en_gb\/wp-json\/wp\/v2\/pages\/876","targetHints":{"allow":["GET"]}}],"collection":[{"href":"https:\/\/www.actionproject.es\/en_gb\/wp-json\/wp\/v2\/pages"}],"about":[{"href":"https:\/\/www.actionproject.es\/en_gb\/wp-json\/wp\/v2\/types\/page"}],"author":[{"embeddable":true,"href":"https:\/\/www.actionproject.es\/en_gb\/wp-json\/wp\/v2\/users\/1"}],"replies":[{"embeddable":true,"href":"https:\/\/www.actionproject.es\/en_gb\/wp-json\/wp\/v2\/comments?post=876"}],"version-history":[{"count":4,"href":"https:\/\/www.actionproject.es\/en_gb\/wp-json\/wp\/v2\/pages\/876\/revisions"}],"predecessor-version":[{"id":880,"href":"https:\/\/www.actionproject.es\/en_gb\/wp-json\/wp\/v2\/pages\/876\/revisions\/880"}],"wp:attachment":[{"href":"https:\/\/www.actionproject.es\/en_gb\/wp-json\/wp\/v2\/media?parent=876"}],"curies":[{"name":"wp","href":"https:\/\/api.w.org\/{rel}","templated":true}]}}